{"id":1602,"date":"2022-07-23T01:35:20","date_gmt":"2022-07-22T18:35:20","guid":{"rendered":"https:\/\/gaiap.vn\/?post_type=product&#038;p=1602"},"modified":"2025-06-20T11:38:45","modified_gmt":"2025-06-20T04:38:45","slug":"ta%cc%82t-nu-soi-ramie-co%cc%82%cc%89-cao","status":"publish","type":"product","link":"https:\/\/tpramie.com\/vi\/shop\/ta%cc%82t-nu-soi-ramie-co%cc%82%cc%89-cao\/","title":{"rendered":"Ta\u0302\u0301t n\u1eef s\u1ee3i  Ramie co\u0302\u0309 cao"},"content":{"rendered":"<h2><strong>Ch\u1ea5t li\u1ec7u:<\/strong><\/h2>\n<p><img loading=\"lazy\" class=\"alignnone wp-image-990\" src=\"https:\/\/tpramie.com\/wp-content\/uploads\/2022\/06\/u.png\" alt=\"\" width=\"21\" height=\"14\" \/>Ch\u1ea5t li\u1ec7u v\u1ea3i GaiAP v\u1edbi nh\u1eefng \u0111\u1eb7c t\u00ednh tuy\u1ec7t v\u1eddi v\u1ed1n c\u00f3 nh\u01b0: tho\u00e1ng kh\u00ed, th\u1ea5m h\u00fat m\u1ed3 h\u00f4i v\u00e0 \u0111\u1ed9 kh\u00e1ng khu\u1ea9n c\u1ef1c cao, l\u00e0 s\u1ef1 l\u1ef1a ch\u1ecdn \u0111\u1ea7u ti\u00ean v\u00e0 t\u1ed1t nh\u1ea5t cho d\u00f2ng h\u00e0ng si\u00eau c\u1ea5p c\u1ee7a c\u00e1c th\u01b0\u01a1ng hi\u1ec7u th\u1eddi trang v\u00e0 n\u1ed9i th\u1ea5t cao c\u1ea5p c\u1ee7a th\u1ebf gi\u1edbi.<\/p>\n<p><img loading=\"lazy\" class=\"alignnone wp-image-990\" src=\"https:\/\/tpramie.com\/wp-content\/uploads\/2022\/06\/u.png\" alt=\"\" width=\"21\" height=\"14\" \/>S\u1ea3n ph\u1ea9m c\u00f3 ngu\u1ed3n g\u1ed1c 100% t\u1eeb Vi\u1ec7t Nam. \u0110\u01b0\u1ee3c nghi\u00ean c\u1ee9u v\u00e0 s\u1ea3n xu\u1ea5t t\u1eeb c\u00e2y gai xanh Vi\u1ec7t Nam v\u1edbi quy tr\u00ecnh ch\u1ea5t l\u01b0\u1ee3ng cao t\u1eeb kh\u00e2u s\u1ea3n xu\u1ea5t s\u1ee3i \u0111\u1ebfn d\u1ec7t v\u00e0 nhu\u1ed9m m\u00e0u v\u1ea3i.<\/p>\n<h2><strong>C\u00e1ch ch\u0103m s\u00f3c:<\/strong><\/h2>\n<p><span style=\"font-weight: 400;\"><img loading=\"lazy\" class=\"alignnone wp-image-994\" src=\"https:\/\/tpramie.com\/wp-content\/uploads\/2022\/06\/jnhb.png\" alt=\"\" width=\"26\" height=\"23\" \/>Tr\u00e1nh gi\u1eb7t v\u1edbi n\u01b0\u1edbc n\u00f3ng tr\u00ean 40 \u0111\u1ed9<\/span><\/p>\n<p><span style=\"font-weight: 400;\"><img loading=\"lazy\" class=\"alignnone wp-image-996\" src=\"https:\/\/tpramie.com\/wp-content\/uploads\/2022\/06\/hgvf.png\" alt=\"\" width=\"25\" height=\"25\" \/>L\u00e0 v\u00e0 s\u1ea5y \u1edf nhi\u1ec7t \u0111\u1ed9 th\u1ea5p<\/span><\/p>\n<h3><span style=\"font-weight: 400;\"><img loading=\"lazy\" class=\"alignnone wp-image-998\" src=\"https:\/\/tpramie.com\/wp-content\/uploads\/2022\/06\/ds.png\" alt=\"\" width=\"24\" height=\"24\" \/><strong>\u0110\u1ed1i v\u1edbi gi\u1eb7t m\u00e1y:<\/strong><\/span><\/h3>\n<p><span style=\"font-weight: 400;\">\u00a0\u00a0Ch\u1ecdn ch\u1ebf \u0111\u1ed9 gi\u1eb7t nh\u1eb9 \u0111\u1ec3 qu\u1ea7n \u00e1o chuy\u1ec3n \u0111\u1ed9ng t\u1ef1 do trong l\u1ed3ng gi\u1eb7t<\/span><\/p>\n<p><span style=\"font-weight: 400;\">\u00a0\u00a0Kh\u00f4ng \u0111\u1ed5 b\u1ed9t gi\u1eb7t tr\u1ef1c ti\u1ebfp l\u00ean b\u1ec1 m\u1eb7t v\u1ea3i<\/span><\/p>\n<p><span style=\"font-weight: 400;\">\u00a0\u00a0Kh\u00f4ng d\u00f9ng b\u1ed9t gi\u1eb7t c\u00f3 ch\u1ea5t t\u1ea9y m\u1ea1nh<\/span><\/p>\n<p><span style=\"font-weight: 400;\">\u00a0\u00a0Gi\u1eb7t ri\u00eang v\u1edbi qu\u1ea7n \u00e1o m\u00e0u<\/span><\/p>\n<p><span style=\"font-weight: 400;\">\u00a0\u00a0Kh\u00f4ng gi\u1eb7t qu\u00e1 nhi\u1ec1u \u0111\u1ed3 c\u00f9ng m\u1ed9t l\u00fac, s\u1ebd d\u1ec5 t\u1ea1o n\u1ebfp nh\u00e2n v\u00e0 bi\u1ebfn d\u1ea1ng b\u1ec1 m\u1eb7t v\u1ea3i<\/span><\/p>\n<h3><span style=\"font-weight: 400;\"><img loading=\"lazy\" class=\"alignnone wp-image-1008\" src=\"https:\/\/tpramie.com\/wp-content\/uploads\/2022\/06\/ytg-3.png\" alt=\"\" width=\"35\" height=\"20\" \/>\u00a0<strong>\u0110\u1ed1i v\u1edbi gi\u1eb7t tay:<\/strong><\/span><\/h3>\n<p><span style=\"font-weight: 400;\">\u00a0\u00a0Kh\u00f4ng v\u00f2, v\u1eaft, xo\u1eafn qu\u00e1 m\u1ea1nh<\/span><\/p>\n<p><span style=\"font-weight: 400;\">\u00a0\u00a0Kh\u00f4ng gi\u1eb7t chung v\u1edbi qu\u1ea7n \u00e1o s\u00e1ng m\u00e0u<\/span><\/p>\n<p><span style=\"font-weight: 400;\">\u00a0\u00a0\u0110\u1ea3m b\u1ea3o r\u1eb1ng qu\u1ea7n \u00e1o s\u1ea1ch x\u00e0 ph\u00f2ng tr\u01b0\u1edbc khi \u0111em \u0111i ph\u01a1i kh\u00f4<\/span><\/p>\n","protected":false},"excerpt":{"rendered":"<p>T\u1ea5t s\u1ee3i Ramie cao c\u1ea5p v\u1edbi kh\u1ea3 n\u0103ng th\u1ea5m h\u00fat t\u1ed1t, kh\u1eed m\u00f9i, kh\u00e1ng khu\u1ea9n v\u01b0\u1ee3t b\u1eadc<\/p>\n","protected":false},"featured_media":1603,"comment_status":"open","ping_status":"closed","template":"","meta":[],"product_cat":[80,84,94],"product_tag":[],"yoast_head":"<!-- This site is optimized with the Yoast SEO plugin v20.6 - https:\/\/yoast.com\/wordpress\/plugins\/seo\/ -->\n<title>Ta\u0302\u0301t n\u1eef s\u1ee3i Ramie co\u0302\u0309 cao - GAI THI\u00caN PH\u01af\u1edaC<\/title>\n<meta name=\"robots\" content=\"index, follow, max-snippet:-1, max-image-preview:large, max-video-preview:-1\" \/>\n<link rel=\"canonical\" href=\"https:\/\/tpramie.com\/vi\/shop\/ta\u0302t-nu-soi-ramie-co\u0302\u0309-cao\/\" \/>\n<meta property=\"og:locale\" content=\"vi_VN\" \/>\n<meta property=\"og:type\" content=\"article\" \/>\n<meta property=\"og:title\" content=\"Ta\u0302\u0301t n\u1eef s\u1ee3i Ramie co\u0302\u0309 cao - GAI THI\u00caN PH\u01af\u1edaC\" \/>\n<meta property=\"og:description\" content=\"T\u1ea5t s\u1ee3i Ramie cao c\u1ea5p v\u1edbi kh\u1ea3 n\u0103ng th\u1ea5m h\u00fat t\u1ed1t, kh\u1eed m\u00f9i, kh\u00e1ng khu\u1ea9n v\u01b0\u1ee3t b\u1eadc\" \/>\n<meta property=\"og:url\" content=\"https:\/\/tpramie.com\/vi\/shop\/ta\u0302t-nu-soi-ramie-co\u0302\u0309-cao\/\" \/>\n<meta property=\"og:site_name\" content=\"GAI THI\u00caN PH\u01af\u1edaC\" \/>\n<meta property=\"article:publisher\" content=\"https:\/\/www.facebook.com\/ramievietnam\/\" \/>\n<meta property=\"article:modified_time\" content=\"2025-06-20T04:38:45+00:00\" \/>\n<meta property=\"og:image\" content=\"https:\/\/tpramie.com\/wp-content\/uploads\/2022\/07\/DSC2299.png\" \/>\n\t<meta property=\"og:image:width\" content=\"1000\" \/>\n\t<meta property=\"og:image:height\" content=\"1500\" \/>\n\t<meta property=\"og:image:type\" content=\"image\/png\" \/>\n<meta name=\"twitter:card\" content=\"summary_large_image\" \/>\n<meta name=\"twitter:label1\" content=\"\u01af\u1edbc t\u00ednh th\u1eddi gian \u0111\u1ecdc\" \/>\n\t<meta name=\"twitter:data1\" content=\"3 ph\u00fat\" \/>\n<script type=\"application\/ld+json\" class=\"yoast-schema-graph\">{\"@context\":\"https:\/\/schema.org\",\"@graph\":[{\"@type\":\"WebPage\",\"@id\":\"https:\/\/tpramie.com\/vi\/shop\/ta%cc%82t-nu-soi-ramie-co%cc%82%cc%89-cao\/\",\"url\":\"https:\/\/tpramie.com\/vi\/shop\/ta%cc%82t-nu-soi-ramie-co%cc%82%cc%89-cao\/\",\"name\":\"Ta\u0302\u0301t n\u1eef s\u1ee3i Ramie co\u0302\u0309 cao - GAI THI\u00caN PH\u01af\u1edaC\",\"isPartOf\":{\"@id\":\"https:\/\/tpramie.com\/vi\/#website\"},\"datePublished\":\"2022-07-22T18:35:20+00:00\",\"dateModified\":\"2025-06-20T04:38:45+00:00\",\"breadcrumb\":{\"@id\":\"https:\/\/tpramie.com\/vi\/shop\/ta%cc%82t-nu-soi-ramie-co%cc%82%cc%89-cao\/#breadcrumb\"},\"inLanguage\":\"vi\",\"potentialAction\":[{\"@type\":\"ReadAction\",\"target\":[\"https:\/\/tpramie.com\/vi\/shop\/ta%cc%82t-nu-soi-ramie-co%cc%82%cc%89-cao\/\"]}]},{\"@type\":\"BreadcrumbList\",\"@id\":\"https:\/\/tpramie.com\/vi\/shop\/ta%cc%82t-nu-soi-ramie-co%cc%82%cc%89-cao\/#breadcrumb\",\"itemListElement\":[{\"@type\":\"ListItem\",\"position\":1,\"name\":\"Trang ch\u1ee7\",\"item\":\"https:\/\/tpramie.com\/vi\/\"},{\"@type\":\"ListItem\",\"position\":2,\"name\":\"S\u1ea3n ph\u1ea9m\",\"item\":\"https:\/\/tpramie.com\/vi\/san-pham\/\"},{\"@type\":\"ListItem\",\"position\":3,\"name\":\"Ta\u0302\u0301t n\u1eef s\u1ee3i Ramie co\u0302\u0309 cao\"}]},{\"@type\":\"WebSite\",\"@id\":\"https:\/\/tpramie.com\/vi\/#website\",\"url\":\"https:\/\/tpramie.com\/vi\/\",\"name\":\"GAI THI\u00caN PH\u01af\u1edaC\",\"description\":\"CHUY\u00caN S\u1ea2N XU\u1ea4T V\u00c0 KINH DOANH C\u00c1C S\u1ea2N PH\u1ea8M CH\u1ea4T LI\u1ec6U T\u1ef0 NHI\u00caN C\u00d3 NGU\u1ed2N G\u1ed0C T\u1eea C\u00c2Y GAI XANH VI\u1ec6T NAMCHUY\u00caN S\u1ea2N XU\u1ea4T V\u00c0 KINH DOANH C\u00c1C S\u1ea2N PH\u1ea8M CH\u1ea4T LI\u1ec6U T\u1ef0 NHI\u00caN C\u00d3 NGU\u1ed2N G\u1ed0C T\u1eea C\u00c2Y GAI XANH VI\u1ec6T NAM\",\"publisher\":{\"@id\":\"https:\/\/tpramie.com\/vi\/#organization\"},\"potentialAction\":[{\"@type\":\"SearchAction\",\"target\":{\"@type\":\"EntryPoint\",\"urlTemplate\":\"https:\/\/tpramie.com\/vi\/?s={search_term_string}\"},\"query-input\":\"required name=search_term_string\"}],\"inLanguage\":\"vi\"},{\"@type\":\"Organization\",\"@id\":\"https:\/\/tpramie.com\/vi\/#organization\",\"name\":\"Gai Thi\u00ean Ph\u01b0\u1edbc\",\"url\":\"https:\/\/tpramie.com\/vi\/\",\"logo\":{\"@type\":\"ImageObject\",\"inLanguage\":\"vi\",\"@id\":\"https:\/\/tpramie.com\/vi\/#\/schema\/logo\/image\/\",\"url\":\"https:\/\/tpramie.com\/wp-content\/uploads\/2023\/03\/logo_gaitp.png\",\"contentUrl\":\"https:\/\/tpramie.com\/wp-content\/uploads\/2023\/03\/logo_gaitp.png\",\"width\":763,\"height\":561,\"caption\":\"Gai Thi\u00ean Ph\u01b0\u1edbc\"},\"image\":{\"@id\":\"https:\/\/tpramie.com\/vi\/#\/schema\/logo\/image\/\"},\"sameAs\":[\"https:\/\/www.facebook.com\/ramievietnam\/\",\"https:\/\/www.youtube.com\/channel\/UC49pLxQVqBW4aam7Y14YLYw\"]}]}<\/script>\n<!-- \/ Yoast SEO plugin. -->","yoast_head_json":{"title":"Ta\u0302\u0301t n\u1eef s\u1ee3i Ramie co\u0302\u0309 cao - GAI THI\u00caN PH\u01af\u1edaC","robots":{"index":"index","follow":"follow","max-snippet":"max-snippet:-1","max-image-preview":"max-image-preview:large","max-video-preview":"max-video-preview:-1"},"canonical":"https:\/\/tpramie.com\/vi\/shop\/ta\u0302t-nu-soi-ramie-co\u0302\u0309-cao\/","og_locale":"vi_VN","og_type":"article","og_title":"Ta\u0302\u0301t n\u1eef s\u1ee3i Ramie co\u0302\u0309 cao - GAI THI\u00caN PH\u01af\u1edaC","og_description":"T\u1ea5t s\u1ee3i Ramie cao c\u1ea5p v\u1edbi kh\u1ea3 n\u0103ng th\u1ea5m h\u00fat t\u1ed1t, kh\u1eed m\u00f9i, kh\u00e1ng khu\u1ea9n v\u01b0\u1ee3t b\u1eadc","og_url":"https:\/\/tpramie.com\/vi\/shop\/ta\u0302t-nu-soi-ramie-co\u0302\u0309-cao\/","og_site_name":"GAI THI\u00caN PH\u01af\u1edaC","article_publisher":"https:\/\/www.facebook.com\/ramievietnam\/","article_modified_time":"2025-06-20T04:38:45+00:00","og_image":[{"width":1000,"height":1500,"url":"https:\/\/tpramie.com\/wp-content\/uploads\/2022\/07\/DSC2299.png","type":"image\/png"}],"twitter_card":"summary_large_image","twitter_misc":{"\u01af\u1edbc t\u00ednh th\u1eddi gian \u0111\u1ecdc":"3 ph\u00fat"},"schema":{"@context":"https:\/\/schema.org","@graph":[{"@type":"WebPage","@id":"https:\/\/tpramie.com\/vi\/shop\/ta%cc%82t-nu-soi-ramie-co%cc%82%cc%89-cao\/","url":"https:\/\/tpramie.com\/vi\/shop\/ta%cc%82t-nu-soi-ramie-co%cc%82%cc%89-cao\/","name":"Ta\u0302\u0301t n\u1eef s\u1ee3i Ramie co\u0302\u0309 cao - GAI THI\u00caN PH\u01af\u1edaC","isPartOf":{"@id":"https:\/\/tpramie.com\/vi\/#website"},"datePublished":"2022-07-22T18:35:20+00:00","dateModified":"2025-06-20T04:38:45+00:00","breadcrumb":{"@id":"https:\/\/tpramie.com\/vi\/shop\/ta%cc%82t-nu-soi-ramie-co%cc%82%cc%89-cao\/#breadcrumb"},"inLanguage":"vi","potentialAction":[{"@type":"ReadAction","target":["https:\/\/tpramie.com\/vi\/shop\/ta%cc%82t-nu-soi-ramie-co%cc%82%cc%89-cao\/"]}]},{"@type":"BreadcrumbList","@id":"https:\/\/tpramie.com\/vi\/shop\/ta%cc%82t-nu-soi-ramie-co%cc%82%cc%89-cao\/#breadcrumb","itemListElement":[{"@type":"ListItem","position":1,"name":"Trang ch\u1ee7","item":"https:\/\/tpramie.com\/vi\/"},{"@type":"ListItem","position":2,"name":"S\u1ea3n ph\u1ea9m","item":"https:\/\/tpramie.com\/vi\/san-pham\/"},{"@type":"ListItem","position":3,"name":"Ta\u0302\u0301t n\u1eef s\u1ee3i Ramie co\u0302\u0309 cao"}]},{"@type":"WebSite","@id":"https:\/\/tpramie.com\/vi\/#website","url":"https:\/\/tpramie.com\/vi\/","name":"GAI THI\u00caN PH\u01af\u1edaC","description":"CHUY\u00caN S\u1ea2N XU\u1ea4T V\u00c0 KINH DOANH C\u00c1C S\u1ea2N PH\u1ea8M CH\u1ea4T LI\u1ec6U T\u1ef0 NHI\u00caN C\u00d3 NGU\u1ed2N G\u1ed0C T\u1eea C\u00c2Y GAI XANH VI\u1ec6T NAMCHUY\u00caN S\u1ea2N XU\u1ea4T V\u00c0 KINH DOANH C\u00c1C S\u1ea2N PH\u1ea8M CH\u1ea4T LI\u1ec6U T\u1ef0 NHI\u00caN C\u00d3 NGU\u1ed2N G\u1ed0C T\u1eea C\u00c2Y GAI XANH VI\u1ec6T NAM","publisher":{"@id":"https:\/\/tpramie.com\/vi\/#organization"},"potentialAction":[{"@type":"SearchAction","target":{"@type":"EntryPoint","urlTemplate":"https:\/\/tpramie.com\/vi\/?s={search_term_string}"},"query-input":"required name=search_term_string"}],"inLanguage":"vi"},{"@type":"Organization","@id":"https:\/\/tpramie.com\/vi\/#organization","name":"Gai Thi\u00ean Ph\u01b0\u1edbc","url":"https:\/\/tpramie.com\/vi\/","logo":{"@type":"ImageObject","inLanguage":"vi","@id":"https:\/\/tpramie.com\/vi\/#\/schema\/logo\/image\/","url":"https:\/\/tpramie.com\/wp-content\/uploads\/2023\/03\/logo_gaitp.png","contentUrl":"https:\/\/tpramie.com\/wp-content\/uploads\/2023\/03\/logo_gaitp.png","width":763,"height":561,"caption":"Gai Thi\u00ean Ph\u01b0\u1edbc"},"image":{"@id":"https:\/\/tpramie.com\/vi\/#\/schema\/logo\/image\/"},"sameAs":["https:\/\/www.facebook.com\/ramievietnam\/","https:\/\/www.youtube.com\/channel\/UC49pLxQVqBW4aam7Y14YLYw"]}]}},"_links":{"self":[{"href":"https:\/\/tpramie.com\/vi\/wp-json\/wp\/v2\/product\/1602"}],"collection":[{"href":"https:\/\/tpramie.com\/vi\/wp-json\/wp\/v2\/product"}],"about":[{"href":"https:\/\/tpramie.com\/vi\/wp-json\/wp\/v2\/types\/product"}],"replies":[{"embeddable":true,"href":"https:\/\/tpramie.com\/vi\/wp-json\/wp\/v2\/comments?post=1602"}],"wp:featuredmedia":[{"embeddable":true,"href":"https:\/\/tpramie.com\/vi\/wp-json\/wp\/v2\/media\/1603"}],"wp:attachment":[{"href":"https:\/\/tpramie.com\/vi\/wp-json\/wp\/v2\/media?parent=1602"}],"wp:term":[{"taxonomy":"product_cat","embeddable":true,"href":"https:\/\/tpramie.com\/vi\/wp-json\/wp\/v2\/product_cat?post=1602"},{"taxonomy":"product_tag","embeddable":true,"href":"https:\/\/tpramie.com\/vi\/wp-json\/wp\/v2\/product_tag?post=1602"}],"curies":[{"name":"wp","href":"https:\/\/api.w.org\/{rel}","templated":true}]}}